{"id":8,"date":"2016-04-14T13:48:17","date_gmt":"2016-04-14T10:48:17","guid":{"rendered":"http:\/\/www.label.ee\/?page_id=8"},"modified":"2016-07-04T12:39:30","modified_gmt":"2016-07-04T09:39:30","slug":"o-nas","status":"publish","type":"page","link":"http:\/\/www.label.ee\/et\/meiest\/","title":{"rendered":"Meist"},"content":{"rendered":"<p><\/p>\n<h1>Meie ettev\u00f5te Label pakub meedia teenuste ja tehnoloogiliste lahenduste laia valikut. Meie pakume tekstide koostamist, helisalvestust, foto- ja videosalvestust, graafilist kujundust, suhtekorraldust ja meedia reklaami, kontsertide ja \u00fcrituste korraldust. <\/h1>\n<p>Oleme meediaprojektides koost\u00f6\u00f6d teinud nii algajatega kui ka kuulsate artistidega. Edukalt valmistame kommertsreklaami ettev\u00f5tetele ja organisatsioonidele. Loome artistidele br\u00e4ndi ja imago, arvestades potentsiaalse v\u00f5i olemasoleva auditooriumi eelistustega.<\/p>\n<p>Meie tiimis on kogenud tehnikud, muusikud, disainerid, stsenaristid, re\u017eiss\u00f6\u00f6rid ja luuletajad. Meie pakume k\u00f5ike vajalikku reklaami ja videoklippide valmistamiseks (oskused, tehnika).<br \/>\nMeie meediateenuseid v\u00f5ib tellida nii eraldi kui ka paketiga, vastavalt hinnasoovile. Iga projekt on erilist t\u00e4helepanu v\u00e4\u00e4rt ja meie eesm\u00e4rk on kvaliteetne teenus.<\/p>","protected":false},"excerpt":{"rendered":"<p>Meie ettev\u00f5te Label pakub meedia teenuste ja tehnoloogiliste lahenduste laia valikut. Meie pakume tekstide koostamist, helisalvestust, foto- ja videosalvestust, graafilist kujundust, suhtekorraldust ja meedia reklaami, kontsertide ja \u00fcrituste korraldust. Oleme meediaprojektides koost\u00f6\u00f6d teinud nii algajatega kui ka kuulsate artistidega. Edukalt valmistame kommertsreklaami ettev\u00f5tetele ja organisatsioonidele. Loome artistidele br\u00e4ndi ja imago, arvestades potentsiaalse v\u00f5i olemasoleva auditooriumi [&hellip;]<\/p>\n","protected":false},"author":1,"featured_media":0,"parent":0,"menu_order":0,"comment_status":"closed","ping_status":"closed","template":"page-about.php","meta":{"_acf_changed":false,"footnotes":""},"class_list":["post-8","page","type-page","status-publish","hentry"],"acf":[],"_links":{"self":[{"href":"http:\/\/www.label.ee\/et\/wp-json\/wp\/v2\/pages\/8"}],"collection":[{"href":"http:\/\/www.label.ee\/et\/wp-json\/wp\/v2\/pages"}],"about":[{"href":"http:\/\/www.label.ee\/et\/wp-json\/wp\/v2\/types\/page"}],"author":[{"embeddable":true,"href":"http:\/\/www.label.ee\/et\/wp-json\/wp\/v2\/users\/1"}],"replies":[{"embeddable":true,"href":"http:\/\/www.label.ee\/et\/wp-json\/wp\/v2\/comments?post=8"}],"version-history":[{"count":6,"href":"http:\/\/www.label.ee\/et\/wp-json\/wp\/v2\/pages\/8\/revisions"}],"predecessor-version":[{"id":380,"href":"http:\/\/www.label.ee\/et\/wp-json\/wp\/v2\/pages\/8\/revisions\/380"}],"wp:attachment":[{"href":"http:\/\/www.label.ee\/et\/wp-json\/wp\/v2\/media?parent=8"}],"curies":[{"name":"wp","href":"https:\/\/api.w.org\/{rel}","templated":true}]}}